{"id":12,"date":"2024-01-31T11:14:57","date_gmt":"2024-01-31T11:14:57","guid":{"rendered":"https:\/\/palais-du-riz.fr\/?page_id=12"},"modified":"2024-02-04T19:57:53","modified_gmt":"2024-02-04T19:57:53","slug":"home","status":"publish","type":"page","link":"https:\/\/palais-du-riz.fr\/","title":{"rendered":""},"content":{"rendered":"<figure style=\"aspect-ratio:auto; padding-top:0;padding-bottom:0;padding-left:0;padding-right:0;margin-right:0;margin-left:0;margin-top:0;margin-bottom:0;\" class=\"aligncenter wp-block-post-featured-image\"><img loading=\"lazy\" decoding=\"async\" width=\"1024\" height=\"1024\" src=\"https:\/\/palais-du-riz.fr\/wp-content\/uploads\/2024\/02\/bienvenuriz.webp\" class=\"attachment-post-thumbnail size-post-thumbnail wp-post-image\" alt=\"\" style=\"border-radius:14px;border-style:none;border-width:0px;width:100%;height:100%;object-fit:cover;\" srcset=\"https:\/\/palais-du-riz.fr\/wp-content\/uploads\/2024\/02\/bienvenuriz.webp 1024w, https:\/\/palais-du-riz.fr\/wp-content\/uploads\/2024\/02\/bienvenuriz-300x300.webp 300w, https:\/\/palais-du-riz.fr\/wp-content\/uploads\/2024\/02\/bienvenuriz-150x150.webp 150w, https:\/\/palais-du-riz.fr\/wp-content\/uploads\/2024\/02\/bienvenuriz-768x768.webp 768w, https:\/\/palais-du-riz.fr\/wp-content\/uploads\/2024\/02\/bienvenuriz-120x120.webp 120w\" sizes=\"auto, (max-width: 1024px) 100vw, 1024px\" \/><\/figure>\n\n\n<p>Bienvenue au Palais du Riz, votre nouveau grain de folie dans l&#8217;univers du web ! Ici, nous avons sem\u00e9 l&#8217;id\u00e9e qu&#8217;un monde sans riz serait comme une paella sans safran : impensable et un peu triste. C&#8217;est pourquoi nous avons d\u00e9cid\u00e9 de cultiver un espace d\u00e9di\u00e9 \u00e0 cette c\u00e9r\u00e9ale merveilleuse qui fait tant battre nos c\u0153urs&#8230; et gargouiller nos estomacs.<\/p>\n\n\n\n<p>Au &#8220;Palais du Riz&#8221;, chaque grain compte. Nous vous invitons \u00e0 plonger dans un champ d&#8217;informations, o\u00f9 les vari\u00e9t\u00e9s de riz poussent \u00e0 perte de vue. Du Basmati a\u00e9rien au Riz Arborio cr\u00e9meux, sans oublier les perles exotiques comme le riz noir ou le riz rouge, nous vous guidons \u00e0 travers les rizi\u00e8res du monde entier. Pr\u00e9parez-vous \u00e0 \u00eatre \u00e9merveill\u00e9 par la diversit\u00e9 et la richesse de cette c\u00e9r\u00e9ale intemporelle.<\/p>\n\n\n\n<p>Mais que serait un bon riz sans son fid\u00e8le compagnon, le cuiseur de riz ? Ne vous inqui\u00e9tez pas, nous ne vous laissons pas mijoter dans l&#8217;incertitude. Notre section guides d&#8217;achats est l\u00e0 pour vous aider \u00e0 choisir votre chevalier en armure inoxydable. Que vous soyez un adepte du &#8220;one touch cooking&#8221; ou un gourmet en qu\u00eate de perfection, nous avons test\u00e9 et s\u00e9lectionn\u00e9 les cuiseurs de riz les plus fiables et performants. Ainsi, vous pourrez vous concentrer sur l&#8217;essentiel : la d\u00e9gustation.<\/p>\n\n\n\n<p>Et parce que nous aimons jouer avec les mots autant qu&#8217;avec les saveurs, notre blog regorge de recettes pour transformer chaque grain de riz en une explosion de joie. Des classiques r\u00e9confortants aux aventures culinaires audacieuses, nos plats sont con\u00e7us pour chatouiller vos papilles et \u00e9largir vos horizons gastronomiques. Avec nous, chaque repas devient une occasion de voyager sans quitter votre cuisine.<\/p>\n\n\n\n<p>Mais le &#8220;Palais du Riz&#8221; n&#8217;est pas seulement un guide ; c&#8217;est une invitation \u00e0 rejoindre une communaut\u00e9 de passionn\u00e9s. Partagez vos propres recettes, vos exp\u00e9riences croustillantes, et m\u00eame vos flops m\u00e9morables (parce que oui, nous avons tous eu notre part de riz collant ou de risotto trop al dente). Ensemble, nous c\u00e9l\u00e9brons les succ\u00e8s, nous apprenons de nos erreurs, et surtout, nous nous amusons.<\/p>\n\n\n\n<p>Enfin, parce que nous savons que l&#8217;amour du riz n&#8217;a pas de fronti\u00e8res, nous nous engageons \u00e0 vous fournir des contenus de qualit\u00e9, des conseils avis\u00e9s, et des \u00e9clats de rire. Alors, que vous soyez un rizophile averti ou un novice curieux, laissez-vous envo\u00fbter par le charme de votre palais.<\/p>\n\n\n\n<div style=\"height:100px\" aria-hidden=\"true\" class=\"wp-block-spacer\"><\/div>\n\n\n\n<h3 class=\"wp-block-heading has-text-align-center\">Comparez des dizaines de marques pour trouver votre meilleur<\/h3>\n\n\n\n<div class=\"wp-block-group alignfull has-ast-global-color-5-background-color has-background has-global-padding is-layout-constrained wp-container-core-group-is-layout-9cedb757 wp-block-group-is-layout-constrained\" style=\"padding-bottom:0px\">\n<div class=\"wp-block-columns are-vertically-aligned-top is-layout-flex wp-container-core-columns-is-layout-00723822 wp-block-columns-is-layout-flex\">\n<div class=\"wp-block-column is-vertically-aligned-top is-layout-flow wp-container-core-column-is-layout-6b73ce23 wp-block-column-is-layout-flow\">\n<div class=\"wp-block-columns is-layout-flex wp-container-core-columns-is-layout-28f84493 wp-block-columns-is-layout-flex\">\n<div class=\"wp-block-column is-layout-flow wp-block-column-is-layout-flow\" style=\"flex-basis:100%\">\n<div class=\"wp-block-group has-global-padding is-layout-constrained wp-block-group-is-layout-constrained\">\n<figure class=\"wp-block-image aligncenter\"><img decoding=\"async\" src=\"https:\/\/palais-du-riz.fr\/wp-content\/themes\/astra\/inc\/assets\/images\/starter-content\/building.svg\" alt=\"\" class=\"wp-image-134\"\/><\/figure>\n<\/div>\n<\/div>\n<\/div>\n\n\n\n<h3 class=\"wp-block-heading has-text-align-center has-medium-font-size\" style=\"margin-top:16px\"><strong>Riz<\/strong><\/h3>\n<\/div>\n\n\n\n<div class=\"wp-block-column is-vertically-aligned-top is-layout-flow wp-container-core-column-is-layout-6b73ce23 wp-block-column-is-layout-flow\">\n<figure class=\"wp-block-image aligncenter size-large\"><img decoding=\"async\" src=\"https:\/\/palais-du-riz.fr\/wp-content\/themes\/astra\/inc\/assets\/images\/starter-content\/shopping-bag.svg\" alt=\"\" class=\"wp-image-135\"\/><\/figure>\n\n\n\n<h3 class=\"wp-block-heading has-text-align-center has-medium-font-size\" style=\"margin-top:16px\"><strong>Cuiseur<\/strong><\/h3>\n<\/div>\n\n\n\n<div class=\"wp-block-column is-vertically-aligned-top is-layout-flow wp-container-core-column-is-layout-6b73ce23 wp-block-column-is-layout-flow\">\n<figure class=\"wp-block-image aligncenter size-large\"><img decoding=\"async\" src=\"https:\/\/palais-du-riz.fr\/wp-content\/themes\/astra\/inc\/assets\/images\/starter-content\/blog.svg\" alt=\"\" class=\"wp-image-136\"\/><\/figure>\n\n\n\n<h3 class=\"wp-block-heading has-text-align-center has-medium-font-size\" style=\"margin-top:16px\"><strong>Marques<\/strong><\/h3>\n<\/div>\n\n\n\n<div class=\"wp-block-column is-layout-flow wp-container-core-column-is-layout-6b73ce23 wp-block-column-is-layout-flow\">\n<figure class=\"wp-block-image aligncenter size-large is-resized\"><img decoding=\"async\" src=\"https:\/\/palais-du-riz.fr\/wp-content\/themes\/astra\/inc\/assets\/images\/starter-content\/support.svg\" alt=\"\" class=\"wp-image-164\" style=\"object-fit:cover;width:49px;height:auto\"\/><\/figure>\n\n\n\n<h3 class=\"wp-block-heading has-text-align-center has-medium-font-size\" style=\"margin-top:16px\"><strong>Support<\/strong><\/h3>\n<\/div>\n\n\n\n<div class=\"wp-block-column is-layout-flow wp-container-core-column-is-layout-6b73ce23 wp-block-column-is-layout-flow\">\n<figure class=\"wp-block-image aligncenter size-large is-resized\"><img decoding=\"async\" src=\"https:\/\/palais-du-riz.fr\/wp-content\/themes\/astra\/inc\/assets\/images\/starter-content\/professional.svg\" alt=\"\" class=\"wp-image-163\" style=\"object-fit:cover;width:49px;height:auto\"\/><\/figure>\n\n\n\n<h3 class=\"wp-block-heading has-text-align-center has-medium-font-size\" style=\"margin-top:16px\"><strong>Test<\/strong><\/h3>\n<\/div>\n\n\n\n<div class=\"wp-block-column is-vertically-aligned-top is-layout-flow wp-container-core-column-is-layout-6b73ce23 wp-block-column-is-layout-flow\">\n<figure class=\"wp-block-image aligncenter size-large\"><img decoding=\"async\" src=\"https:\/\/palais-du-riz.fr\/wp-content\/themes\/astra\/inc\/assets\/images\/starter-content\/portfolio.svg\" alt=\"\" class=\"wp-image-137\"\/><\/figure>\n\n\n\n<h3 class=\"wp-block-heading has-text-align-center has-medium-font-size\" style=\"margin-top:16px\"><strong>Recettes<\/strong><\/h3>\n<\/div>\n<\/div>\n<\/div>\n","protected":false},"excerpt":{"rendered":"<p>Bienvenue au Palais du Riz, votre nouveau grain de folie dans l&#8217;univers du web ! Ici, nous avons sem\u00e9 l&#8217;id\u00e9e qu&#8217;un monde sans riz serait comme une paella sans safran : impensable et un peu triste. C&#8217;est pourquoi nous avons d\u00e9cid\u00e9 de cultiver un espace d\u00e9di\u00e9 \u00e0 cette c\u00e9r\u00e9ale merveilleuse qui fait tant battre nos [&hellip;]<\/p>\n","protected":false},"author":1,"featured_media":145,"parent":0,"menu_order":0,"comment_status":"closed","ping_status":"closed","template":"","meta":{"footnotes":""},"class_list":["post-12","page","type-page","status-publish","has-post-thumbnail","hentry"],"yoast_head":"<!-- This site is optimized with the Yoast SEO plugin v21.9.1 - https:\/\/yoast.com\/wordpress\/plugins\/seo\/ -->\n<title>- Le Palais du Riz.<\/title>\n<meta name=\"robots\" content=\"index, follow, max-snippet:-1, max-image-preview:large, max-video-preview:-1\" \/>\n<link rel=\"canonical\" href=\"https:\/\/palais-du-riz.fr\/\" \/>\n<meta property=\"og:locale\" content=\"en_US\" \/>\n<meta property=\"og:type\" content=\"article\" \/>\n<meta property=\"og:title\" content=\"- Le Palais du Riz.\" \/>\n<meta property=\"og:description\" content=\"Bienvenue au Palais du Riz, votre nouveau grain de folie dans l&#8217;univers du web ! Ici, nous avons sem\u00e9 l&#8217;id\u00e9e qu&#8217;un monde sans riz serait comme une paella sans safran : impensable et un peu triste. C&#8217;est pourquoi nous avons d\u00e9cid\u00e9 de cultiver un espace d\u00e9di\u00e9 \u00e0 cette c\u00e9r\u00e9ale merveilleuse qui fait tant battre nos [&hellip;]\" \/>\n<meta property=\"og:url\" content=\"https:\/\/palais-du-riz.fr\/\" \/>\n<meta property=\"og:site_name\" content=\"Le Palais du Riz.\" \/>\n<meta property=\"article:modified_time\" content=\"2024-02-04T19:57:53+00:00\" \/>\n<meta property=\"og:image\" content=\"https:\/\/palais-du-riz.fr\/wp-content\/uploads\/2024\/02\/bienvenuriz.webp\" \/>\n\t<meta property=\"og:image:width\" content=\"1024\" \/>\n\t<meta property=\"og:image:height\" content=\"1024\" \/>\n\t<meta property=\"og:image:type\" content=\"image\/webp\" \/>\n<meta name=\"twitter:card\" content=\"summary_large_image\" \/>\n<meta name=\"twitter:label1\" content=\"Est. reading time\" \/>\n\t<meta name=\"twitter:data1\" content=\"4 minutes\" \/>\n<script type=\"application\/ld+json\" class=\"yoast-schema-graph\">{\"@context\":\"https:\/\/schema.org\",\"@graph\":[{\"@type\":\"WebPage\",\"@id\":\"https:\/\/palais-du-riz.fr\/\",\"url\":\"https:\/\/palais-du-riz.fr\/\",\"name\":\"- Le Palais du Riz.\",\"isPartOf\":{\"@id\":\"https:\/\/palais-du-riz.fr\/#website\"},\"datePublished\":\"2024-01-31T11:14:57+00:00\",\"dateModified\":\"2024-02-04T19:57:53+00:00\",\"inLanguage\":\"en-US\",\"potentialAction\":[{\"@type\":\"ReadAction\",\"target\":[\"https:\/\/palais-du-riz.fr\/\"]}]},{\"@type\":\"WebSite\",\"@id\":\"https:\/\/palais-du-riz.fr\/#website\",\"url\":\"https:\/\/palais-du-riz.fr\/\",\"name\":\"Le Palais du Riz.\",\"description\":\"\",\"publisher\":{\"@id\":\"https:\/\/palais-du-riz.fr\/#organization\"},\"potentialAction\":[{\"@type\":\"SearchAction\",\"target\":{\"@type\":\"EntryPoint\",\"urlTemplate\":\"https:\/\/palais-du-riz.fr\/?s={search_term_string}\"},\"query-input\":\"required name=search_term_string\"}],\"inLanguage\":\"en-US\"},{\"@type\":\"Organization\",\"@id\":\"https:\/\/palais-du-riz.fr\/#organization\",\"name\":\"Le Palais du Riz.\",\"url\":\"https:\/\/palais-du-riz.fr\/\",\"logo\":{\"@type\":\"ImageObject\",\"inLanguage\":\"en-US\",\"@id\":\"https:\/\/palais-du-riz.fr\/#\/schema\/logo\/image\/\",\"url\":\"https:\/\/palais-du-riz.fr\/wp-content\/uploads\/2024\/02\/Palais-Du-Riz-3.png\",\"contentUrl\":\"https:\/\/palais-du-riz.fr\/wp-content\/uploads\/2024\/02\/Palais-Du-Riz-3.png\",\"width\":500,\"height\":500,\"caption\":\"Le Palais du Riz.\"},\"image\":{\"@id\":\"https:\/\/palais-du-riz.fr\/#\/schema\/logo\/image\/\"}}]}<\/script>\n<!-- \/ Yoast SEO plugin. -->","yoast_head_json":{"title":"- Le Palais du Riz.","robots":{"index":"index","follow":"follow","max-snippet":"max-snippet:-1","max-image-preview":"max-image-preview:large","max-video-preview":"max-video-preview:-1"},"canonical":"https:\/\/palais-du-riz.fr\/","og_locale":"en_US","og_type":"article","og_title":"- Le Palais du Riz.","og_description":"Bienvenue au Palais du Riz, votre nouveau grain de folie dans l&#8217;univers du web ! Ici, nous avons sem\u00e9 l&#8217;id\u00e9e qu&#8217;un monde sans riz serait comme une paella sans safran : impensable et un peu triste. C&#8217;est pourquoi nous avons d\u00e9cid\u00e9 de cultiver un espace d\u00e9di\u00e9 \u00e0 cette c\u00e9r\u00e9ale merveilleuse qui fait tant battre nos [&hellip;]","og_url":"https:\/\/palais-du-riz.fr\/","og_site_name":"Le Palais du Riz.","article_modified_time":"2024-02-04T19:57:53+00:00","og_image":[{"width":1024,"height":1024,"url":"https:\/\/palais-du-riz.fr\/wp-content\/uploads\/2024\/02\/bienvenuriz.webp","type":"image\/webp"}],"twitter_card":"summary_large_image","twitter_misc":{"Est. reading time":"4 minutes"},"schema":{"@context":"https:\/\/schema.org","@graph":[{"@type":"WebPage","@id":"https:\/\/palais-du-riz.fr\/","url":"https:\/\/palais-du-riz.fr\/","name":"- Le Palais du Riz.","isPartOf":{"@id":"https:\/\/palais-du-riz.fr\/#website"},"datePublished":"2024-01-31T11:14:57+00:00","dateModified":"2024-02-04T19:57:53+00:00","inLanguage":"en-US","potentialAction":[{"@type":"ReadAction","target":["https:\/\/palais-du-riz.fr\/"]}]},{"@type":"WebSite","@id":"https:\/\/palais-du-riz.fr\/#website","url":"https:\/\/palais-du-riz.fr\/","name":"Le Palais du Riz.","description":"","publisher":{"@id":"https:\/\/palais-du-riz.fr\/#organization"},"potentialAction":[{"@type":"SearchAction","target":{"@type":"EntryPoint","urlTemplate":"https:\/\/palais-du-riz.fr\/?s={search_term_string}"},"query-input":"required name=search_term_string"}],"inLanguage":"en-US"},{"@type":"Organization","@id":"https:\/\/palais-du-riz.fr\/#organization","name":"Le Palais du Riz.","url":"https:\/\/palais-du-riz.fr\/","logo":{"@type":"ImageObject","inLanguage":"en-US","@id":"https:\/\/palais-du-riz.fr\/#\/schema\/logo\/image\/","url":"https:\/\/palais-du-riz.fr\/wp-content\/uploads\/2024\/02\/Palais-Du-Riz-3.png","contentUrl":"https:\/\/palais-du-riz.fr\/wp-content\/uploads\/2024\/02\/Palais-Du-Riz-3.png","width":500,"height":500,"caption":"Le Palais du Riz."},"image":{"@id":"https:\/\/palais-du-riz.fr\/#\/schema\/logo\/image\/"}}]}},"_links":{"self":[{"href":"https:\/\/palais-du-riz.fr\/index.php\/wp-json\/wp\/v2\/pages\/12","targetHints":{"allow":["GET"]}}],"collection":[{"href":"https:\/\/palais-du-riz.fr\/index.php\/wp-json\/wp\/v2\/pages"}],"about":[{"href":"https:\/\/palais-du-riz.fr\/index.php\/wp-json\/wp\/v2\/types\/page"}],"author":[{"embeddable":true,"href":"https:\/\/palais-du-riz.fr\/index.php\/wp-json\/wp\/v2\/users\/1"}],"replies":[{"embeddable":true,"href":"https:\/\/palais-du-riz.fr\/index.php\/wp-json\/wp\/v2\/comments?post=12"}],"version-history":[{"count":30,"href":"https:\/\/palais-du-riz.fr\/index.php\/wp-json\/wp\/v2\/pages\/12\/revisions"}],"predecessor-version":[{"id":156,"href":"https:\/\/palais-du-riz.fr\/index.php\/wp-json\/wp\/v2\/pages\/12\/revisions\/156"}],"wp:featuredmedia":[{"embeddable":true,"href":"https:\/\/palais-du-riz.fr\/index.php\/wp-json\/wp\/v2\/media\/145"}],"wp:attachment":[{"href":"https:\/\/palais-du-riz.fr\/index.php\/wp-json\/wp\/v2\/media?parent=12"}],"curies":[{"name":"wp","href":"https:\/\/api.w.org\/{rel}","templated":true}]}}